{"id":6739,"date":"2020-02-03T17:43:17","date_gmt":"2020-02-03T16:43:17","guid":{"rendered":"http:\/\/bagnaragioielli.swdweb.it\/wp\/?post_type=product&#038;p=6739"},"modified":"2025-07-23T17:26:18","modified_gmt":"2025-07-23T15:26:18","slug":"portachiavi-in-metallo-e-tessuto-tech-colorato","status":"publish","type":"product","link":"https:\/\/www.bagnaragioielli.it\/en\/item\/portachiavi-in-metallo-e-tessuto-tech-colorato\/","title":{"rendered":"Portachiavi in tessuto tech colorato New Derby"},"content":{"rendered":"<p>Un <strong>portachiavi in tessuto<\/strong> tech colorato \u00e8 la novit\u00e0 di quest&#8217;anno.<\/p>\n<p>Un tessuto che prima di questo portachiavi era usato solo per i lacci da scarpe da corsa.<\/p>\n<p>Avresti mai immaginato di avere un portachiavi simile? Morbido, elastico e disponibile in diversi colori, il <strong>portachiavi in tessuto<\/strong> tech cambier\u00e0 il tuo modo di concepire il portachiavi.<\/p>\n<p>Provare per credere.<\/p>\n<p>Prodotto Made in Italy.<\/p>\n","protected":false},"excerpt":{"rendered":"<p>New Derby Tech: creativo tessuto tecnico<\/p>\n","protected":false},"featured_media":10474,"comment_status":"closed","ping_status":"closed","template":"","meta":[],"product_cat":[52],"product_tag":[],"class_list":["post-6739","product","type-product","status-publish","has-post-thumbnail","hentry","product_cat-portachiavi"],"composite_layout":"","composite_add_to_cart_form_location":"","composite_editable_in_cart":false,"composite_sold_individually_context":"","composite_shop_price_calc":"","composite_components":[],"composite_scenarios":[],"yoast_head":"<!-- This site is optimized with the Yoast SEO plugin v27.5 - https:\/\/yoast.com\/product\/yoast-seo-wordpress\/ -->\n<title>Portachiavi in tessuto tech colorato New Derby | Novit\u00e0 assoluta | B Bagnara<\/title>\n<meta name=\"description\" content=\"Il portachiavi in tessuto tech colorato \u00e8 la novit\u00e0 assoluta della collezione B- Bagnara. Nessuno prima ha realizzato un portachiavi in questo materiale.\" \/>\n<meta name=\"robots\" content=\"index, follow, max-snippet:-1, max-image-preview:large, max-video-preview:-1\" \/>\n<link rel=\"canonical\" href=\"https:\/\/bagnaragioielli.swdweb.it\/item\/portachiavi-in-metallo-e-tessuto-tech-colorato\/\" \/>\n<meta property=\"og:locale\" content=\"en_US\" \/>\n<meta property=\"og:type\" content=\"article\" \/>\n<meta property=\"og:title\" content=\"Portachiavi in tessuto tech colorato New Derby | Novit\u00e0 assoluta | B Bagnara\" \/>\n<meta property=\"og:description\" content=\"Il portachiavi in tessuto tech colorato \u00e8 la novit\u00e0 assoluta della collezione B- Bagnara. Nessuno prima ha realizzato un portachiavi in questo materiale.\" \/>\n<meta property=\"og:url\" content=\"https:\/\/bagnaragioielli.swdweb.it\/item\/portachiavi-in-metallo-e-tessuto-tech-colorato\/\" \/>\n<meta property=\"og:site_name\" content=\"Bagnara Gioielli\" \/>\n<meta property=\"article:modified_time\" content=\"2025-07-23T15:26:18+00:00\" \/>\n<meta property=\"og:image\" content=\"https:\/\/bagnaragioielli.swdweb.it\/wp\/wp-content\/uploads\/1530V.png\" \/>\n\t<meta property=\"og:image:width\" content=\"1200\" \/>\n\t<meta property=\"og:image:height\" content=\"1200\" \/>\n\t<meta property=\"og:image:type\" content=\"image\/png\" \/>\n<meta name=\"twitter:card\" content=\"summary_large_image\" \/>\n<script type=\"application\/ld+json\" class=\"yoast-schema-graph\">{\"@context\":\"https:\\\/\\\/schema.org\",\"@graph\":[{\"@type\":\"WebPage\",\"@id\":\"https:\\\/\\\/bagnaragioielli.swdweb.it\\\/item\\\/portachiavi-in-metallo-e-tessuto-tech-colorato\\\/\",\"url\":\"https:\\\/\\\/bagnaragioielli.swdweb.it\\\/item\\\/portachiavi-in-metallo-e-tessuto-tech-colorato\\\/\",\"name\":\"Portachiavi in tessuto tech colorato New Derby | Novit\u00e0 assoluta | B Bagnara\",\"isPartOf\":{\"@id\":\"https:\\\/\\\/bagnaragioielli.swdweb.it\\\/#website\"},\"primaryImageOfPage\":{\"@id\":\"https:\\\/\\\/bagnaragioielli.swdweb.it\\\/item\\\/portachiavi-in-metallo-e-tessuto-tech-colorato\\\/#primaryimage\"},\"image\":{\"@id\":\"https:\\\/\\\/bagnaragioielli.swdweb.it\\\/item\\\/portachiavi-in-metallo-e-tessuto-tech-colorato\\\/#primaryimage\"},\"thumbnailUrl\":\"https:\\\/\\\/www.bagnaragioielli.it\\\/wp\\\/wp-content\\\/uploads\\\/1530V.webp\",\"datePublished\":\"2020-02-03T16:43:17+00:00\",\"dateModified\":\"2025-07-23T15:26:18+00:00\",\"description\":\"Il portachiavi in tessuto tech colorato \u00e8 la novit\u00e0 assoluta della collezione B- Bagnara. Nessuno prima ha realizzato un portachiavi in questo materiale.\",\"breadcrumb\":{\"@id\":\"https:\\\/\\\/bagnaragioielli.swdweb.it\\\/item\\\/portachiavi-in-metallo-e-tessuto-tech-colorato\\\/#breadcrumb\"},\"inLanguage\":\"en-US\",\"potentialAction\":[{\"@type\":\"ReadAction\",\"target\":[\"https:\\\/\\\/bagnaragioielli.swdweb.it\\\/item\\\/portachiavi-in-metallo-e-tessuto-tech-colorato\\\/\"]}]},{\"@type\":\"ImageObject\",\"inLanguage\":\"en-US\",\"@id\":\"https:\\\/\\\/bagnaragioielli.swdweb.it\\\/item\\\/portachiavi-in-metallo-e-tessuto-tech-colorato\\\/#primaryimage\",\"url\":\"https:\\\/\\\/www.bagnaragioielli.it\\\/wp\\\/wp-content\\\/uploads\\\/1530V.webp\",\"contentUrl\":\"https:\\\/\\\/www.bagnaragioielli.it\\\/wp\\\/wp-content\\\/uploads\\\/1530V.webp\",\"width\":1200,\"height\":1200},{\"@type\":\"BreadcrumbList\",\"@id\":\"https:\\\/\\\/bagnaragioielli.swdweb.it\\\/item\\\/portachiavi-in-metallo-e-tessuto-tech-colorato\\\/#breadcrumb\",\"itemListElement\":[{\"@type\":\"ListItem\",\"position\":1,\"name\":\"Home\",\"item\":\"https:\\\/\\\/www.bagnaragioielli.it\\\/en\\\/\"},{\"@type\":\"ListItem\",\"position\":2,\"name\":\"Shop\",\"item\":\"https:\\\/\\\/bagnaragioielli.swdweb.it\\\/en\\\/shop\\\/\"},{\"@type\":\"ListItem\",\"position\":3,\"name\":\"Portachiavi in tessuto tech colorato New Derby\"}]},{\"@type\":\"WebSite\",\"@id\":\"https:\\\/\\\/bagnaragioielli.swdweb.it\\\/#website\",\"url\":\"https:\\\/\\\/bagnaragioielli.swdweb.it\\\/\",\"name\":\"Bagnara Gioielli\",\"description\":\"Sterling Silver Jewels \u2013 Rings, Bracelets, Key Rings, Necklaces \u2013 made in Italy\",\"publisher\":{\"@id\":\"https:\\\/\\\/bagnaragioielli.swdweb.it\\\/#organization\"},\"potentialAction\":[{\"@type\":\"SearchAction\",\"target\":{\"@type\":\"EntryPoint\",\"urlTemplate\":\"https:\\\/\\\/bagnaragioielli.swdweb.it\\\/?s={search_term_string}\"},\"query-input\":{\"@type\":\"PropertyValueSpecification\",\"valueRequired\":true,\"valueName\":\"search_term_string\"}}],\"inLanguage\":\"en-US\"},{\"@type\":\"Organization\",\"@id\":\"https:\\\/\\\/bagnaragioielli.swdweb.it\\\/#organization\",\"name\":\"Bagnara Gioielli\",\"url\":\"https:\\\/\\\/bagnaragioielli.swdweb.it\\\/\",\"logo\":{\"@type\":\"ImageObject\",\"inLanguage\":\"en-US\",\"@id\":\"https:\\\/\\\/bagnaragioielli.swdweb.it\\\/#\\\/schema\\\/logo\\\/image\\\/\",\"url\":\"https:\\\/\\\/www.bagnaragioielli.it\\\/wp\\\/wp-content\\\/uploads\\\/bagnara-gioielli-logo-01.webp\",\"contentUrl\":\"https:\\\/\\\/www.bagnaragioielli.it\\\/wp\\\/wp-content\\\/uploads\\\/bagnara-gioielli-logo-01.webp\",\"width\":450,\"height\":520,\"caption\":\"Bagnara Gioielli\"},\"image\":{\"@id\":\"https:\\\/\\\/bagnaragioielli.swdweb.it\\\/#\\\/schema\\\/logo\\\/image\\\/\"}}]}<\/script>\n<!-- \/ Yoast SEO plugin. -->","yoast_head_json":{"title":"Portachiavi in tessuto tech colorato New Derby | Novit\u00e0 assoluta | B Bagnara","description":"Il portachiavi in tessuto tech colorato \u00e8 la novit\u00e0 assoluta della collezione B- Bagnara. Nessuno prima ha realizzato un portachiavi in questo materiale.","robots":{"index":"index","follow":"follow","max-snippet":"max-snippet:-1","max-image-preview":"max-image-preview:large","max-video-preview":"max-video-preview:-1"},"canonical":"https:\/\/bagnaragioielli.swdweb.it\/item\/portachiavi-in-metallo-e-tessuto-tech-colorato\/","og_locale":"en_US","og_type":"article","og_title":"Portachiavi in tessuto tech colorato New Derby | Novit\u00e0 assoluta | B Bagnara","og_description":"Il portachiavi in tessuto tech colorato \u00e8 la novit\u00e0 assoluta della collezione B- Bagnara. Nessuno prima ha realizzato un portachiavi in questo materiale.","og_url":"https:\/\/bagnaragioielli.swdweb.it\/item\/portachiavi-in-metallo-e-tessuto-tech-colorato\/","og_site_name":"Bagnara Gioielli","article_modified_time":"2025-07-23T15:26:18+00:00","og_image":[{"width":1200,"height":1200,"url":"https:\/\/bagnaragioielli.swdweb.it\/wp\/wp-content\/uploads\/1530V.png","type":"image\/png"}],"twitter_card":"summary_large_image","schema":{"@context":"https:\/\/schema.org","@graph":[{"@type":"WebPage","@id":"https:\/\/bagnaragioielli.swdweb.it\/item\/portachiavi-in-metallo-e-tessuto-tech-colorato\/","url":"https:\/\/bagnaragioielli.swdweb.it\/item\/portachiavi-in-metallo-e-tessuto-tech-colorato\/","name":"Portachiavi in tessuto tech colorato New Derby | Novit\u00e0 assoluta | B Bagnara","isPartOf":{"@id":"https:\/\/bagnaragioielli.swdweb.it\/#website"},"primaryImageOfPage":{"@id":"https:\/\/bagnaragioielli.swdweb.it\/item\/portachiavi-in-metallo-e-tessuto-tech-colorato\/#primaryimage"},"image":{"@id":"https:\/\/bagnaragioielli.swdweb.it\/item\/portachiavi-in-metallo-e-tessuto-tech-colorato\/#primaryimage"},"thumbnailUrl":"https:\/\/www.bagnaragioielli.it\/wp\/wp-content\/uploads\/1530V.webp","datePublished":"2020-02-03T16:43:17+00:00","dateModified":"2025-07-23T15:26:18+00:00","description":"Il portachiavi in tessuto tech colorato \u00e8 la novit\u00e0 assoluta della collezione B- Bagnara. Nessuno prima ha realizzato un portachiavi in questo materiale.","breadcrumb":{"@id":"https:\/\/bagnaragioielli.swdweb.it\/item\/portachiavi-in-metallo-e-tessuto-tech-colorato\/#breadcrumb"},"inLanguage":"en-US","potentialAction":[{"@type":"ReadAction","target":["https:\/\/bagnaragioielli.swdweb.it\/item\/portachiavi-in-metallo-e-tessuto-tech-colorato\/"]}]},{"@type":"ImageObject","inLanguage":"en-US","@id":"https:\/\/bagnaragioielli.swdweb.it\/item\/portachiavi-in-metallo-e-tessuto-tech-colorato\/#primaryimage","url":"https:\/\/www.bagnaragioielli.it\/wp\/wp-content\/uploads\/1530V.webp","contentUrl":"https:\/\/www.bagnaragioielli.it\/wp\/wp-content\/uploads\/1530V.webp","width":1200,"height":1200},{"@type":"BreadcrumbList","@id":"https:\/\/bagnaragioielli.swdweb.it\/item\/portachiavi-in-metallo-e-tessuto-tech-colorato\/#breadcrumb","itemListElement":[{"@type":"ListItem","position":1,"name":"Home","item":"https:\/\/www.bagnaragioielli.it\/en\/"},{"@type":"ListItem","position":2,"name":"Shop","item":"https:\/\/bagnaragioielli.swdweb.it\/en\/shop\/"},{"@type":"ListItem","position":3,"name":"Portachiavi in tessuto tech colorato New Derby"}]},{"@type":"WebSite","@id":"https:\/\/bagnaragioielli.swdweb.it\/#website","url":"https:\/\/bagnaragioielli.swdweb.it\/","name":"Bagnara Gioielli","description":"Sterling Silver Jewels \u2013 Rings, Bracelets, Key Rings, Necklaces \u2013 made in Italy","publisher":{"@id":"https:\/\/bagnaragioielli.swdweb.it\/#organization"},"potentialAction":[{"@type":"SearchAction","target":{"@type":"EntryPoint","urlTemplate":"https:\/\/bagnaragioielli.swdweb.it\/?s={search_term_string}"},"query-input":{"@type":"PropertyValueSpecification","valueRequired":true,"valueName":"search_term_string"}}],"inLanguage":"en-US"},{"@type":"Organization","@id":"https:\/\/bagnaragioielli.swdweb.it\/#organization","name":"Bagnara Gioielli","url":"https:\/\/bagnaragioielli.swdweb.it\/","logo":{"@type":"ImageObject","inLanguage":"en-US","@id":"https:\/\/bagnaragioielli.swdweb.it\/#\/schema\/logo\/image\/","url":"https:\/\/www.bagnaragioielli.it\/wp\/wp-content\/uploads\/bagnara-gioielli-logo-01.webp","contentUrl":"https:\/\/www.bagnaragioielli.it\/wp\/wp-content\/uploads\/bagnara-gioielli-logo-01.webp","width":450,"height":520,"caption":"Bagnara Gioielli"},"image":{"@id":"https:\/\/bagnaragioielli.swdweb.it\/#\/schema\/logo\/image\/"}}]}},"_links":{"self":[{"href":"https:\/\/www.bagnaragioielli.it\/en\/wp-json\/wp\/v2\/product\/6739","targetHints":{"allow":["GET"]}}],"collection":[{"href":"https:\/\/www.bagnaragioielli.it\/en\/wp-json\/wp\/v2\/product"}],"about":[{"href":"https:\/\/www.bagnaragioielli.it\/en\/wp-json\/wp\/v2\/types\/product"}],"replies":[{"embeddable":true,"href":"https:\/\/www.bagnaragioielli.it\/en\/wp-json\/wp\/v2\/comments?post=6739"}],"wp:featuredmedia":[{"embeddable":true,"href":"https:\/\/www.bagnaragioielli.it\/en\/wp-json\/wp\/v2\/media\/10474"}],"wp:attachment":[{"href":"https:\/\/www.bagnaragioielli.it\/en\/wp-json\/wp\/v2\/media?parent=6739"}],"wp:term":[{"taxonomy":"product_cat","embeddable":true,"href":"https:\/\/www.bagnaragioielli.it\/en\/wp-json\/wp\/v2\/product_cat?post=6739"},{"taxonomy":"product_tag","embeddable":true,"href":"https:\/\/www.bagnaragioielli.it\/en\/wp-json\/wp\/v2\/product_tag?post=6739"}],"curies":[{"name":"wp","href":"https:\/\/api.w.org\/{rel}","templated":true}]}}