{"id":20381,"date":"2025-09-24T11:55:04","date_gmt":"2025-09-24T09:55:04","guid":{"rendered":"https:\/\/www.bagnaragioielli.it\/?post_type=product&#038;p=20381"},"modified":"2026-02-02T14:53:47","modified_gmt":"2026-02-02T13:53:47","slug":"portachiavi-sganciabile-plus","status":"publish","type":"product","link":"https:\/\/www.bagnaragioielli.it\/en\/item\/portachiavi-sganciabile-plus\/","title":{"rendered":"Portachiavi Sganciabile Plus"},"content":{"rendered":"<p data-start=\"100\" data-end=\"468\">Un portachiavi pratico e dal design moderno, pensato per chi desidera avere sempre le chiavi in ordine e a portata di mano. Realizzato in metallo resistente, si distingue per il suo sistema <strong data-start=\"290\" data-end=\"312\">doppio sganciabile<\/strong>: un meccanismo che permette di separare con un semplice gesto due anelli portachiavi, rendendo facile distinguere e staccare i mazzi senza perdere tempo.<\/p>\n<p data-start=\"470\" data-end=\"820\">Disponibile in diverse finiture \u2013 <strong data-start=\"504\" data-end=\"524\">acciaio satinato<\/strong>, <strong data-start=\"526\" data-end=\"540\">nero opaco<\/strong> e <strong data-start=\"543\" data-end=\"557\">oro lucido<\/strong> \u2013 unisce funzionalit\u00e0 ed estetica, adattandosi a stili diversi, dal pi\u00f9 elegante al pi\u00f9 sportivo. La lavorazione accurata e la solidit\u00e0 della struttura garantiscono un accessorio durevole, ideale sia per l\u2019uso quotidiano che come idea regalo raffinata e utile.<\/p>\n<p data-start=\"822\" data-end=\"1021\">Il <em data-start=\"825\" data-end=\"857\">Portachiavi Doppio Sganciabile<\/em> \u00e8 perfetto per chi cerca un oggetto robusto, affidabile e dal design essenziale, con in pi\u00f9 la praticit\u00e0 di poter gestire le chiavi in maniera semplice e veloce.<\/p>\n","protected":false},"excerpt":{"rendered":"<p>Un portachiavi pratico e dal design moderno, pensato per chi desidera avere sempre le chiavi in ordine e a portata di mano. Realizzato in metallo resistente, si distingue per il suo sistema doppio sganciabile: un meccanismo che permette di separare con un semplice gesto due anelli portachiavi, rendendo facile distinguere e staccare i mazzi senza &hellip; <\/p>\n<p class=\"link-more\"><a href=\"https:\/\/www.bagnaragioielli.it\/en\/item\/portachiavi-sganciabile-plus\/\" class=\"more-link\">Read More <span class=\"screen-reader-text\"> &#8220;Portachiavi Sganciabile Plus&#8221;<\/span><\/a><\/p>\n","protected":false},"featured_media":20388,"comment_status":"closed","ping_status":"closed","template":"","meta":[],"product_cat":[52,1500],"product_tag":[],"class_list":["post-20381","product","type-product","status-publish","has-post-thumbnail","hentry","product_cat-portachiavi","product_cat-preziosi-vantaggi"],"composite_layout":"","composite_add_to_cart_form_location":"","composite_editable_in_cart":false,"composite_sold_individually_context":"","composite_shop_price_calc":"","composite_components":[],"composite_scenarios":[],"yoast_head":"<!-- This site is optimized with the Yoast SEO plugin v27.5 - https:\/\/yoast.com\/product\/yoast-seo-wordpress\/ -->\n<title>Portachiavi Sganciabile Plus - Bagnara Gioielli<\/title>\n<meta name=\"robots\" content=\"index, follow, max-snippet:-1, max-image-preview:large, max-video-preview:-1\" \/>\n<link rel=\"canonical\" href=\"https:\/\/bagnaragioielli.swdweb.it\/item\/portachiavi-sganciabile-plus\/\" \/>\n<meta property=\"og:locale\" content=\"en_US\" \/>\n<meta property=\"og:type\" content=\"article\" \/>\n<meta property=\"og:title\" content=\"Portachiavi Sganciabile Plus - Bagnara Gioielli\" \/>\n<meta property=\"og:description\" content=\"Un portachiavi pratico e dal design moderno, pensato per chi desidera avere sempre le chiavi in ordine e a portata di mano. Realizzato in metallo resistente, si distingue per il suo sistema doppio sganciabile: un meccanismo che permette di separare con un semplice gesto due anelli portachiavi, rendendo facile distinguere e staccare i mazzi senza &hellip; Read More &quot;Portachiavi Sganciabile Plus&quot;\" \/>\n<meta property=\"og:url\" content=\"https:\/\/bagnaragioielli.swdweb.it\/item\/portachiavi-sganciabile-plus\/\" \/>\n<meta property=\"og:site_name\" content=\"Bagnara Gioielli\" \/>\n<meta property=\"article:modified_time\" content=\"2026-02-02T13:53:47+00:00\" \/>\n<meta property=\"og:image\" content=\"https:\/\/bagnaragioielli.swdweb.it\/wp\/wp-content\/uploads\/0890-1-e1758726539329.png\" \/>\n\t<meta property=\"og:image:width\" content=\"981\" \/>\n\t<meta property=\"og:image:height\" content=\"951\" \/>\n\t<meta property=\"og:image:type\" content=\"image\/png\" \/>\n<meta name=\"twitter:card\" content=\"summary_large_image\" \/>\n<meta name=\"twitter:label1\" content=\"Est. reading time\" \/>\n\t<meta name=\"twitter:data1\" content=\"1 minute\" \/>\n<script type=\"application\/ld+json\" class=\"yoast-schema-graph\">{\"@context\":\"https:\\\/\\\/schema.org\",\"@graph\":[{\"@type\":\"WebPage\",\"@id\":\"https:\\\/\\\/bagnaragioielli.swdweb.it\\\/item\\\/portachiavi-sganciabile-plus\\\/\",\"url\":\"https:\\\/\\\/bagnaragioielli.swdweb.it\\\/item\\\/portachiavi-sganciabile-plus\\\/\",\"name\":\"Portachiavi Sganciabile Plus - Bagnara Gioielli\",\"isPartOf\":{\"@id\":\"https:\\\/\\\/bagnaragioielli.swdweb.it\\\/#website\"},\"primaryImageOfPage\":{\"@id\":\"https:\\\/\\\/bagnaragioielli.swdweb.it\\\/item\\\/portachiavi-sganciabile-plus\\\/#primaryimage\"},\"image\":{\"@id\":\"https:\\\/\\\/bagnaragioielli.swdweb.it\\\/item\\\/portachiavi-sganciabile-plus\\\/#primaryimage\"},\"thumbnailUrl\":\"https:\\\/\\\/www.bagnaragioielli.it\\\/wp\\\/wp-content\\\/uploads\\\/0890-1-e1758726539329.webp\",\"datePublished\":\"2025-09-24T09:55:04+00:00\",\"dateModified\":\"2026-02-02T13:53:47+00:00\",\"breadcrumb\":{\"@id\":\"https:\\\/\\\/bagnaragioielli.swdweb.it\\\/item\\\/portachiavi-sganciabile-plus\\\/#breadcrumb\"},\"inLanguage\":\"en-US\",\"potentialAction\":[{\"@type\":\"ReadAction\",\"target\":[\"https:\\\/\\\/bagnaragioielli.swdweb.it\\\/item\\\/portachiavi-sganciabile-plus\\\/\"]}]},{\"@type\":\"ImageObject\",\"inLanguage\":\"en-US\",\"@id\":\"https:\\\/\\\/bagnaragioielli.swdweb.it\\\/item\\\/portachiavi-sganciabile-plus\\\/#primaryimage\",\"url\":\"https:\\\/\\\/www.bagnaragioielli.it\\\/wp\\\/wp-content\\\/uploads\\\/0890-1-e1758726539329.webp\",\"contentUrl\":\"https:\\\/\\\/www.bagnaragioielli.it\\\/wp\\\/wp-content\\\/uploads\\\/0890-1-e1758726539329.webp\",\"width\":981,\"height\":951},{\"@type\":\"BreadcrumbList\",\"@id\":\"https:\\\/\\\/bagnaragioielli.swdweb.it\\\/item\\\/portachiavi-sganciabile-plus\\\/#breadcrumb\",\"itemListElement\":[{\"@type\":\"ListItem\",\"position\":1,\"name\":\"Home\",\"item\":\"https:\\\/\\\/www.bagnaragioielli.it\\\/en\\\/\"},{\"@type\":\"ListItem\",\"position\":2,\"name\":\"Shop\",\"item\":\"https:\\\/\\\/bagnaragioielli.swdweb.it\\\/en\\\/shop\\\/\"},{\"@type\":\"ListItem\",\"position\":3,\"name\":\"Portachiavi Sganciabile Plus\"}]},{\"@type\":\"WebSite\",\"@id\":\"https:\\\/\\\/bagnaragioielli.swdweb.it\\\/#website\",\"url\":\"https:\\\/\\\/bagnaragioielli.swdweb.it\\\/\",\"name\":\"Bagnara Gioielli\",\"description\":\"Sterling Silver Jewels \u2013 Rings, Bracelets, Key Rings, Necklaces \u2013 made in Italy\",\"publisher\":{\"@id\":\"https:\\\/\\\/bagnaragioielli.swdweb.it\\\/#organization\"},\"potentialAction\":[{\"@type\":\"SearchAction\",\"target\":{\"@type\":\"EntryPoint\",\"urlTemplate\":\"https:\\\/\\\/bagnaragioielli.swdweb.it\\\/?s={search_term_string}\"},\"query-input\":{\"@type\":\"PropertyValueSpecification\",\"valueRequired\":true,\"valueName\":\"search_term_string\"}}],\"inLanguage\":\"en-US\"},{\"@type\":\"Organization\",\"@id\":\"https:\\\/\\\/bagnaragioielli.swdweb.it\\\/#organization\",\"name\":\"Bagnara Gioielli\",\"url\":\"https:\\\/\\\/bagnaragioielli.swdweb.it\\\/\",\"logo\":{\"@type\":\"ImageObject\",\"inLanguage\":\"en-US\",\"@id\":\"https:\\\/\\\/bagnaragioielli.swdweb.it\\\/#\\\/schema\\\/logo\\\/image\\\/\",\"url\":\"https:\\\/\\\/www.bagnaragioielli.it\\\/wp\\\/wp-content\\\/uploads\\\/bagnara-gioielli-logo-01.webp\",\"contentUrl\":\"https:\\\/\\\/www.bagnaragioielli.it\\\/wp\\\/wp-content\\\/uploads\\\/bagnara-gioielli-logo-01.webp\",\"width\":450,\"height\":520,\"caption\":\"Bagnara Gioielli\"},\"image\":{\"@id\":\"https:\\\/\\\/bagnaragioielli.swdweb.it\\\/#\\\/schema\\\/logo\\\/image\\\/\"}}]}<\/script>\n<!-- \/ Yoast SEO plugin. -->","yoast_head_json":{"title":"Portachiavi Sganciabile Plus - Bagnara Gioielli","robots":{"index":"index","follow":"follow","max-snippet":"max-snippet:-1","max-image-preview":"max-image-preview:large","max-video-preview":"max-video-preview:-1"},"canonical":"https:\/\/bagnaragioielli.swdweb.it\/item\/portachiavi-sganciabile-plus\/","og_locale":"en_US","og_type":"article","og_title":"Portachiavi Sganciabile Plus - Bagnara Gioielli","og_description":"Un portachiavi pratico e dal design moderno, pensato per chi desidera avere sempre le chiavi in ordine e a portata di mano. Realizzato in metallo resistente, si distingue per il suo sistema doppio sganciabile: un meccanismo che permette di separare con un semplice gesto due anelli portachiavi, rendendo facile distinguere e staccare i mazzi senza &hellip; Read More \"Portachiavi Sganciabile Plus\"","og_url":"https:\/\/bagnaragioielli.swdweb.it\/item\/portachiavi-sganciabile-plus\/","og_site_name":"Bagnara Gioielli","article_modified_time":"2026-02-02T13:53:47+00:00","og_image":[{"width":981,"height":951,"url":"https:\/\/bagnaragioielli.swdweb.it\/wp\/wp-content\/uploads\/0890-1-e1758726539329.png","type":"image\/png"}],"twitter_card":"summary_large_image","twitter_misc":{"Est. reading time":"1 minute"},"schema":{"@context":"https:\/\/schema.org","@graph":[{"@type":"WebPage","@id":"https:\/\/bagnaragioielli.swdweb.it\/item\/portachiavi-sganciabile-plus\/","url":"https:\/\/bagnaragioielli.swdweb.it\/item\/portachiavi-sganciabile-plus\/","name":"Portachiavi Sganciabile Plus - Bagnara Gioielli","isPartOf":{"@id":"https:\/\/bagnaragioielli.swdweb.it\/#website"},"primaryImageOfPage":{"@id":"https:\/\/bagnaragioielli.swdweb.it\/item\/portachiavi-sganciabile-plus\/#primaryimage"},"image":{"@id":"https:\/\/bagnaragioielli.swdweb.it\/item\/portachiavi-sganciabile-plus\/#primaryimage"},"thumbnailUrl":"https:\/\/www.bagnaragioielli.it\/wp\/wp-content\/uploads\/0890-1-e1758726539329.webp","datePublished":"2025-09-24T09:55:04+00:00","dateModified":"2026-02-02T13:53:47+00:00","breadcrumb":{"@id":"https:\/\/bagnaragioielli.swdweb.it\/item\/portachiavi-sganciabile-plus\/#breadcrumb"},"inLanguage":"en-US","potentialAction":[{"@type":"ReadAction","target":["https:\/\/bagnaragioielli.swdweb.it\/item\/portachiavi-sganciabile-plus\/"]}]},{"@type":"ImageObject","inLanguage":"en-US","@id":"https:\/\/bagnaragioielli.swdweb.it\/item\/portachiavi-sganciabile-plus\/#primaryimage","url":"https:\/\/www.bagnaragioielli.it\/wp\/wp-content\/uploads\/0890-1-e1758726539329.webp","contentUrl":"https:\/\/www.bagnaragioielli.it\/wp\/wp-content\/uploads\/0890-1-e1758726539329.webp","width":981,"height":951},{"@type":"BreadcrumbList","@id":"https:\/\/bagnaragioielli.swdweb.it\/item\/portachiavi-sganciabile-plus\/#breadcrumb","itemListElement":[{"@type":"ListItem","position":1,"name":"Home","item":"https:\/\/www.bagnaragioielli.it\/en\/"},{"@type":"ListItem","position":2,"name":"Shop","item":"https:\/\/bagnaragioielli.swdweb.it\/en\/shop\/"},{"@type":"ListItem","position":3,"name":"Portachiavi Sganciabile Plus"}]},{"@type":"WebSite","@id":"https:\/\/bagnaragioielli.swdweb.it\/#website","url":"https:\/\/bagnaragioielli.swdweb.it\/","name":"Bagnara Gioielli","description":"Sterling Silver Jewels \u2013 Rings, Bracelets, Key Rings, Necklaces \u2013 made in Italy","publisher":{"@id":"https:\/\/bagnaragioielli.swdweb.it\/#organization"},"potentialAction":[{"@type":"SearchAction","target":{"@type":"EntryPoint","urlTemplate":"https:\/\/bagnaragioielli.swdweb.it\/?s={search_term_string}"},"query-input":{"@type":"PropertyValueSpecification","valueRequired":true,"valueName":"search_term_string"}}],"inLanguage":"en-US"},{"@type":"Organization","@id":"https:\/\/bagnaragioielli.swdweb.it\/#organization","name":"Bagnara Gioielli","url":"https:\/\/bagnaragioielli.swdweb.it\/","logo":{"@type":"ImageObject","inLanguage":"en-US","@id":"https:\/\/bagnaragioielli.swdweb.it\/#\/schema\/logo\/image\/","url":"https:\/\/www.bagnaragioielli.it\/wp\/wp-content\/uploads\/bagnara-gioielli-logo-01.webp","contentUrl":"https:\/\/www.bagnaragioielli.it\/wp\/wp-content\/uploads\/bagnara-gioielli-logo-01.webp","width":450,"height":520,"caption":"Bagnara Gioielli"},"image":{"@id":"https:\/\/bagnaragioielli.swdweb.it\/#\/schema\/logo\/image\/"}}]}},"_links":{"self":[{"href":"https:\/\/www.bagnaragioielli.it\/en\/wp-json\/wp\/v2\/product\/20381","targetHints":{"allow":["GET"]}}],"collection":[{"href":"https:\/\/www.bagnaragioielli.it\/en\/wp-json\/wp\/v2\/product"}],"about":[{"href":"https:\/\/www.bagnaragioielli.it\/en\/wp-json\/wp\/v2\/types\/product"}],"replies":[{"embeddable":true,"href":"https:\/\/www.bagnaragioielli.it\/en\/wp-json\/wp\/v2\/comments?post=20381"}],"wp:featuredmedia":[{"embeddable":true,"href":"https:\/\/www.bagnaragioielli.it\/en\/wp-json\/wp\/v2\/media\/20388"}],"wp:attachment":[{"href":"https:\/\/www.bagnaragioielli.it\/en\/wp-json\/wp\/v2\/media?parent=20381"}],"wp:term":[{"taxonomy":"product_cat","embeddable":true,"href":"https:\/\/www.bagnaragioielli.it\/en\/wp-json\/wp\/v2\/product_cat?post=20381"},{"taxonomy":"product_tag","embeddable":true,"href":"https:\/\/www.bagnaragioielli.it\/en\/wp-json\/wp\/v2\/product_tag?post=20381"}],"curies":[{"name":"wp","href":"https:\/\/api.w.org\/{rel}","templated":true}]}}